{"id":67,"date":"2022-02-15T21:56:17","date_gmt":"2022-02-15T21:56:17","guid":{"rendered":"https:\/\/literatur-made-in-osnabrueck.de\/?page_id=67"},"modified":"2023-09-14T20:41:38","modified_gmt":"2023-09-14T20:41:38","slug":"autorinnen-und-autoren","status":"publish","type":"page","link":"https:\/\/literatur-made-in-osnabrueck.de\/?page_id=67","title":{"rendered":"Wer wir sind"},"content":{"rendered":"\n<p>Wir, das sind Autorinnen und Autoren aus der Stadt Osnabr\u00fcck und dem weitl\u00e4ufigeren Umland, die mit Leidenschaft Krimis, Romane, Kinderb\u00fccher, Sachb\u00fccher, Kurzgeschichten, Gedichte, und, und, und aufs Papier oder den Computer-Bildschirm bringen.<\/p>\n\n\n\n<p>Mit unserem Internetauftritt m\u00f6chten wir uns und unsere B\u00fccher vorstellen, aktuelle Neuerscheinungen pr\u00e4sentieren und Tipps f\u00fcr kommende Veranstaltungen geben, und Infos zu bereits gewesenen f\u00fcr Sie erhalten.<\/p>\n\n\n\n<p>Wir sind auch erreichbar \u00fcber Facebook (Literatur made in und um Osnabr\u00fcck) und Instagram (Literatur made in Osnabr\u00fcck)<\/p>\n","protected":false},"excerpt":{"rendered":"<p>Wir, das sind Autorinnen und Autoren aus der Stadt Osnabr\u00fcck und dem weitl\u00e4ufigeren Umland, die mit Leidenschaft Krimis, Romane, Kinderb\u00fccher, Sachb\u00fccher, Kurzgeschichten, Gedichte, und, und, und aufs Papier oder den Computer-Bildschirm bringen. Mit unserem Internetauftritt m\u00f6chten wir uns und unsere B\u00fccher vorstellen, aktuelle Neuerscheinungen pr\u00e4sentieren und Tipps f\u00fcr kommende Veranstaltungen geben, und Infos zu bereits &hellip; <a href=\"https:\/\/literatur-made-in-osnabrueck.de\/?page_id=67\" class=\"more-link\"><span class=\"screen-reader-text\">Wer wir sind<\/span> weiterlesen<\/a><\/p>\n","protected":false},"author":1,"featured_media":0,"parent":0,"menu_order":1,"comment_status":"closed","ping_status":"closed","template":"","meta":{"footnotes":""},"class_list":["post-67","page","type-page","status-publish","hentry"],"jetpack_sharing_enabled":true,"_links":{"self":[{"href":"https:\/\/literatur-made-in-osnabrueck.de\/index.php?rest_route=\/wp\/v2\/pages\/67","targetHints":{"allow":["GET"]}}],"collection":[{"href":"https:\/\/literatur-made-in-osnabrueck.de\/index.php?rest_route=\/wp\/v2\/pages"}],"about":[{"href":"https:\/\/literatur-made-in-osnabrueck.de\/index.php?rest_route=\/wp\/v2\/types\/page"}],"author":[{"embeddable":true,"href":"https:\/\/literatur-made-in-osnabrueck.de\/index.php?rest_route=\/wp\/v2\/users\/1"}],"replies":[{"embeddable":true,"href":"https:\/\/literatur-made-in-osnabrueck.de\/index.php?rest_route=%2Fwp%2Fv2%2Fcomments&post=67"}],"version-history":[{"count":5,"href":"https:\/\/literatur-made-in-osnabrueck.de\/index.php?rest_route=\/wp\/v2\/pages\/67\/revisions"}],"predecessor-version":[{"id":876,"href":"https:\/\/literatur-made-in-osnabrueck.de\/index.php?rest_route=\/wp\/v2\/pages\/67\/revisions\/876"}],"wp:attachment":[{"href":"https:\/\/literatur-made-in-osnabrueck.de\/index.php?rest_route=%2Fwp%2Fv2%2Fmedia&parent=67"}],"curies":[{"name":"wp","href":"https:\/\/api.w.org\/{rel}","templated":true}]}}